{"id":214,"date":"2025-06-10T13:26:22","date_gmt":"2025-06-10T19:26:22","guid":{"rendered":"https:\/\/12ozllc.com\/?page_id=214"},"modified":"2025-06-13T14:40:03","modified_gmt":"2025-06-13T20:40:03","slug":"acerca-de","status":"publish","type":"page","link":"https:\/\/12ozllc.com\/en\/acerca-de\/","title":{"rendered":"About us"},"content":{"rendered":"<p>[et_pb_section fb_built=&#8221;1&#8243; admin_label=&#8221;Header&#8221; _builder_version=&#8221;4.27.4&#8243; _module_preset=&#8221;default&#8221; hover_enabled=&#8221;0&#8243; locked=&#8221;off&#8221; collapsed=&#8221;on&#8221; global_colors_info=&#8221;{}&#8221; custom_margin=&#8221;||||false|false&#8221; custom_padding=&#8221;80px||||false|false&#8221; sticky_enabled=&#8221;0&#8243;][et_pb_row _builder_version=&#8221;4.24.2&#8243; _module_preset=&#8221;default&#8221; width=&#8221;90%&#8221; max_width=&#8221;2000px&#8221; global_colors_info=&#8221;{}&#8221;][et_pb_column type=&#8221;4_4&#8243; _builder_version=&#8221;4.24.2&#8243; _module_preset=&#8221;default&#8221; global_colors_info=&#8221;{}&#8221;][et_pb_text _builder_version=&#8221;4.27.4&#8243; _module_preset=&#8221;_initial&#8221; header_font=&#8221;Roboto|500||on|||||&#8221; header_font_size=&#8221;100px&#8221; header_letter_spacing=&#8221;-0.06em&#8221; header_font_size_tablet=&#8221;40px&#8221; header_font_size_phone=&#8221;24px&#8221; header_font_size_last_edited=&#8221;on|desktop&#8221; global_colors_info=&#8221;{}&#8221;]<\/p>\n<h1>About us<\/h1>\n<p>[\/et_pb_text][\/et_pb_column][\/et_pb_row][et_pb_row column_structure=&#8221;1_2,1_2&#8243; _builder_version=&#8221;4.24.2&#8243; _module_preset=&#8221;default&#8221; width=&#8221;90%&#8221; max_width=&#8221;2000px&#8221; global_colors_info=&#8221;{}&#8221;][et_pb_column type=&#8221;1_2&#8243; _builder_version=&#8221;4.24.2&#8243; _module_preset=&#8221;default&#8221; global_colors_info=&#8221;{}&#8221;][et_pb_text _builder_version=&#8221;4.27.4&#8243; _module_preset=&#8221;_initial&#8221; text_font=&#8221;Roboto|500|||||||&#8221; text_line_height=&#8221;1.6em&#8221; text_font_size_tablet=&#8221;15px&#8221; text_font_size_phone=&#8221;14px&#8221; text_font_size_last_edited=&#8221;on|desktop&#8221; global_colors_info=&#8221;{}&#8221;]<\/p>\n<p class=\"p1\"><span class=\"s1\"><b>12OZ LLC<\/b><\/span> es una empresa fundada en 2020 por <span class=\"s1\"><b>Oswaldo Reyes<\/b><\/span>, un apasionado inversionista con m\u00e1s de 20 a\u00f1os de experiencia en el sector inmobiliario. Antes de iniciar su propio camino como empresario, Oswaldo acumul\u00f3 15 a\u00f1os de experiencia realizando remodelaciones y proyectos de <span class=\"s1\"><b>fix and flip<\/b><\/span> para otras personas. Durante este tiempo, desarroll\u00f3 una s\u00f3lida reputaci\u00f3n por su compromiso con la calidad y la rentabilidad de cada proyecto.<\/p>\n<p>[\/et_pb_text][\/et_pb_column][et_pb_column type=&#8221;1_2&#8243; _builder_version=&#8221;4.24.2&#8243; _module_preset=&#8221;default&#8221; global_colors_info=&#8221;{}&#8221;][et_pb_text _builder_version=&#8221;4.27.4&#8243; _module_preset=&#8221;_initial&#8221; text_font=&#8221;Roboto|500|||||||&#8221; text_line_height=&#8221;1.6em&#8221; text_font_size_tablet=&#8221;15px&#8221; text_font_size_phone=&#8221;14px&#8221; text_font_size_last_edited=&#8221;on|desktop&#8221; global_colors_info=&#8221;{}&#8221;]<\/p>\n<p class=\"p1\">En 2020, decidi\u00f3 dar el salto y fundar <span class=\"s1\"><b>12OZ LLC<\/b><\/span> con la visi\u00f3n de transformar el mercado inmobiliario mediante la compra, remodelaci\u00f3n y venta de propiedades. A lo largo de estos a\u00f1os, Oswaldo ha complementado su trayectoria con formaci\u00f3n continua, tomando cursos y capacitaciones de reconocidos inversionistas del sector.<\/p>\n<p>[\/et_pb_text][\/et_pb_column][\/et_pb_row][\/et_pb_section][et_pb_section fb_built=&#8221;1&#8243; admin_label=&#8221;Header&#8221; _builder_version=&#8221;4.24.2&#8243; _module_preset=&#8221;default&#8221; locked=&#8221;off&#8221; collapsed=&#8221;on&#8221; global_colors_info=&#8221;{}&#8221;][et_pb_row _builder_version=&#8221;4.24.2&#8243; _module_preset=&#8221;default&#8221; width=&#8221;90%&#8221; max_width=&#8221;2000px&#8221; global_colors_info=&#8221;{}&#8221;][et_pb_column type=&#8221;4_4&#8243; _builder_version=&#8221;4.24.2&#8243; _module_preset=&#8221;default&#8221; global_colors_info=&#8221;{}&#8221;][et_pb_text _builder_version=&#8221;4.27.4&#8243; _module_preset=&#8221;_initial&#8221; text_font=&#8221;Roboto|500|||||||&#8221; text_line_height=&#8221;1.6em&#8221; text_font_size_tablet=&#8221;15px&#8221; text_font_size_phone=&#8221;14px&#8221; text_font_size_last_edited=&#8221;on|desktop&#8221; global_colors_info=&#8221;{}&#8221;]<\/p>\n<p class=\"p1\">El prop\u00f3sito de <span class=\"s1\"><b>12OZ LLC<\/b><\/span> es ofrecer soluciones integrales en el mercado inmobiliario: remodelaci\u00f3n de propiedades, construcci\u00f3n de nuevos proyectos, reparaciones, compra y venta de propiedades. Con un enfoque en la excelencia, la empresa busca maximizar el valor de cada proyecto, generando oportunidades tanto para los propietarios como para los inversionistas que conf\u00edan en su experiencia y profesionalismo.<\/p>\n<p>[\/et_pb_text][\/et_pb_column][\/et_pb_row][\/et_pb_section]<\/p>","protected":false},"excerpt":{"rendered":"<p>Acerca de12OZ LLC es una empresa fundada en 2020 por Oswaldo Reyes, un apasionado inversionista con m\u00e1s de 20 a\u00f1os de experiencia en el sector inmobiliario. Antes de iniciar su propio camino como empresario, Oswaldo acumul\u00f3 15 a\u00f1os de experiencia realizando remodelaciones y proyectos de fix and flip para otras personas. Durante este tiempo, desarroll\u00f3 [&hellip;]<\/p>","protected":false},"author":1,"featured_media":0,"parent":0,"menu_order":0,"comment_status":"closed","ping_status":"closed","template":"","meta":{"_et_pb_use_builder":"on","_et_pb_old_content":"","_et_gb_content_width":"","om_disable_all_campaigns":false,"inline_featured_image":false,"footnotes":""},"class_list":["post-214","page","type-page","status-publish","hentry"],"aioseo_notices":[],"_links":{"self":[{"href":"https:\/\/12ozllc.com\/en\/wp-json\/wp\/v2\/pages\/214","targetHints":{"allow":["GET"]}}],"collection":[{"href":"https:\/\/12ozllc.com\/en\/wp-json\/wp\/v2\/pages"}],"about":[{"href":"https:\/\/12ozllc.com\/en\/wp-json\/wp\/v2\/types\/page"}],"author":[{"embeddable":true,"href":"https:\/\/12ozllc.com\/en\/wp-json\/wp\/v2\/users\/1"}],"replies":[{"embeddable":true,"href":"https:\/\/12ozllc.com\/en\/wp-json\/wp\/v2\/comments?post=214"}],"version-history":[{"count":5,"href":"https:\/\/12ozllc.com\/en\/wp-json\/wp\/v2\/pages\/214\/revisions"}],"predecessor-version":[{"id":283,"href":"https:\/\/12ozllc.com\/en\/wp-json\/wp\/v2\/pages\/214\/revisions\/283"}],"wp:attachment":[{"href":"https:\/\/12ozllc.com\/en\/wp-json\/wp\/v2\/media?parent=214"}],"curies":[{"name":"wp","href":"https:\/\/api.w.org\/{rel}","templated":true}]}}